{"id":6203,"date":"2025-11-28T11:47:09","date_gmt":"2025-11-28T11:47:09","guid":{"rendered":"https:\/\/queen-carnica.com\/product\/souche-hivernee\/"},"modified":"2026-01-02T13:02:46","modified_gmt":"2026-01-02T12:02:46","slug":"souche-hivernee","status":"publish","type":"product","link":"https:\/\/queen-carnica.com\/fr\/product\/souche-hivernee\/","title":{"rendered":"Souche hivern\u00e9e"},"content":{"rendered":"<p>Une souche hivern\u00e9e est une reine \u00e0 partir de laquelle nous avons pr\u00e9lev\u00e9 du mat\u00e9riel d\u2019\u00e9levage \u2014<br \/>\ndes larves \u2014 lors de la production de reines dans notre rucher au cours de la saison pr\u00e9c\u00e9dente.<br \/>\nNous avons ensuite propos\u00e9 sa prog\u00e9niture \u00e0 des clients dans toute l\u2019UE. La reine poss\u00e8de une<br \/>\nlign\u00e9e connue du c\u00f4t\u00e9 maternel et est approuv\u00e9e par l\u2019Institut Agricole de Slov\u00e9nie.<br \/>\nElle a \u00e9t\u00e9 test\u00e9e dans des conditions de s\u00e9lection strictes, au cours desquelles nous avons<br \/>\nattentivement surveill\u00e9 la coloration appropri\u00e9e, la douceur, la productivit\u00e9, le calme sur les cadres<br \/>\nainsi que la capacit\u00e9 nettoyeuse, \u00e9valu\u00e9e \u00e0 l\u2019aide de la m\u00e9thode du pin kill test.<\/p>\n<p><strong>En raison de ces caract\u00e9ristiques, elle convient parfaitement pour:<\/strong><\/p>\n<ul>\n<li>cr\u00e9er diverses combinaisons g\u00e9n\u00e9tiques dans votre propre rucher,<\/li>\n<li>\u00e9lever sa prog\u00e9niture dans votre rucher,<\/li>\n<li>cr\u00e9er des lign\u00e9es de m\u00e2les, ce qui am\u00e9liorera par cons\u00e9quent les caract\u00e9ristiques des descendants de votre \u00e9levage.<\/li>\n<\/ul>\n","protected":false},"excerpt":{"rendered":"<p>Une souche hivern\u00e9e est une reine \u00e0 partir de laquelle nous avons pr\u00e9lev\u00e9 du mat\u00e9riel d\u2019\u00e9levage \u2014 des larves \u2014 lors de la production de reines dans notre rucher au cours de la saison pr\u00e9c\u00e9dente. Nous avons ensuite propos\u00e9 sa prog\u00e9niture \u00e0 des clients dans toute l\u2019UE. La reine poss\u00e8de une lign\u00e9e connue du c\u00f4t\u00e9 [&hellip;]<\/p>\n","protected":false},"featured_media":6207,"comment_status":"open","ping_status":"closed","template":"","meta":{"_acf_changed":false},"product_brand":[],"product_cat":[88],"product_tag":[],"class_list":{"0":"post-6203","1":"product","2":"type-product","3":"status-publish","4":"has-post-thumbnail","6":"product_cat-matice","8":"first","9":"instock","10":"shipping-taxable","11":"purchasable","12":"product-type-simple"},"acf":[],"_links":{"self":[{"href":"https:\/\/queen-carnica.com\/fr\/wp-json\/wp\/v2\/product\/6203","targetHints":{"allow":["GET"]}}],"collection":[{"href":"https:\/\/queen-carnica.com\/fr\/wp-json\/wp\/v2\/product"}],"about":[{"href":"https:\/\/queen-carnica.com\/fr\/wp-json\/wp\/v2\/types\/product"}],"replies":[{"embeddable":true,"href":"https:\/\/queen-carnica.com\/fr\/wp-json\/wp\/v2\/comments?post=6203"}],"wp:featuredmedia":[{"embeddable":true,"href":"https:\/\/queen-carnica.com\/fr\/wp-json\/wp\/v2\/media\/6207"}],"wp:attachment":[{"href":"https:\/\/queen-carnica.com\/fr\/wp-json\/wp\/v2\/media?parent=6203"}],"wp:term":[{"taxonomy":"product_brand","embeddable":true,"href":"https:\/\/queen-carnica.com\/fr\/wp-json\/wp\/v2\/product_brand?post=6203"},{"taxonomy":"product_cat","embeddable":true,"href":"https:\/\/queen-carnica.com\/fr\/wp-json\/wp\/v2\/product_cat?post=6203"},{"taxonomy":"product_tag","embeddable":true,"href":"https:\/\/queen-carnica.com\/fr\/wp-json\/wp\/v2\/product_tag?post=6203"}],"curies":[{"name":"wp","href":"https:\/\/api.w.org\/{rel}","templated":true}]}}