{"id":6194,"date":"2025-11-28T11:42:17","date_gmt":"2025-11-28T11:42:17","guid":{"rendered":"https:\/\/queen-carnica.com\/product\/reine-de-production-hivernee\/"},"modified":"2026-01-02T13:01:22","modified_gmt":"2026-01-02T12:01:22","slug":"reine-de-production-hivernee","status":"publish","type":"product","link":"https:\/\/queen-carnica.com\/fr\/product\/reine-de-production-hivernee\/","title":{"rendered":"Reine de production hivern\u00e9e"},"content":{"rendered":"<p>Les reines de production hivern\u00e9es sont les descendantes de souches de premier ordre, approuv\u00e9es et confirm\u00e9es par l\u2019Institut Agricole de Slov\u00e9nie, et poss\u00e8dent des caract\u00e9ristiques connues du c\u00f4t\u00e9 maternel. Elles ont \u00e9t\u00e9 test\u00e9es dans le processus de production lors de la saison pr\u00e9c\u00e9dente et s\u00e9lectionn\u00e9es selon des crit\u00e8res stricts, incluant la coloration appropri\u00e9e, le calme sur les cadres, la nonagressivit\u00e9, la vitalit\u00e9 et la productivit\u00e9.<\/p>\n<p><strong>En raison de ces caract\u00e9ristiques, elles conviennent parfaitement pour:<\/strong><\/p>\n<ul>\n<li>\u00e9lever leur prog\u00e9niture dans votre rucher,<\/li>\n<li>\u00e9lever des lign\u00e9es de m\u00e2les dans votre rucher,<\/li>\n<li>proc\u00e9der \u00e0 un remplacement pr\u00e9coce dans les familles o\u00f9 les reines en place ne conviennent<br \/>\npas,<\/li>\n<li>assurer un remplacement pr\u00e9coce lorsque les jeunes reines f\u00e9cond\u00e9es ne sont pas encore<br \/>\ndisponibles.<\/li>\n<\/ul>\n","protected":false},"excerpt":{"rendered":"<p>Les reines de production hivern\u00e9es sont les descendantes de souches de premier ordre, approuv\u00e9es et confirm\u00e9es par l\u2019Institut Agricole de Slov\u00e9nie, et poss\u00e8dent des caract\u00e9ristiques connues du c\u00f4t\u00e9 maternel. Elles ont \u00e9t\u00e9 test\u00e9es dans le processus de production lors de la saison pr\u00e9c\u00e9dente et s\u00e9lectionn\u00e9es selon des crit\u00e8res stricts, incluant la coloration appropri\u00e9e, le calme [&hellip;]<\/p>\n","protected":false},"featured_media":6195,"comment_status":"open","ping_status":"closed","template":"","meta":{"_acf_changed":false},"product_brand":[],"product_cat":[88],"product_tag":[],"class_list":{"0":"post-6194","1":"product","2":"type-product","3":"status-publish","4":"has-post-thumbnail","6":"product_cat-matice","8":"first","9":"instock","10":"shipping-taxable","11":"purchasable","12":"product-type-simple"},"acf":[],"_links":{"self":[{"href":"https:\/\/queen-carnica.com\/fr\/wp-json\/wp\/v2\/product\/6194","targetHints":{"allow":["GET"]}}],"collection":[{"href":"https:\/\/queen-carnica.com\/fr\/wp-json\/wp\/v2\/product"}],"about":[{"href":"https:\/\/queen-carnica.com\/fr\/wp-json\/wp\/v2\/types\/product"}],"replies":[{"embeddable":true,"href":"https:\/\/queen-carnica.com\/fr\/wp-json\/wp\/v2\/comments?post=6194"}],"wp:featuredmedia":[{"embeddable":true,"href":"https:\/\/queen-carnica.com\/fr\/wp-json\/wp\/v2\/media\/6195"}],"wp:attachment":[{"href":"https:\/\/queen-carnica.com\/fr\/wp-json\/wp\/v2\/media?parent=6194"}],"wp:term":[{"taxonomy":"product_brand","embeddable":true,"href":"https:\/\/queen-carnica.com\/fr\/wp-json\/wp\/v2\/product_brand?post=6194"},{"taxonomy":"product_cat","embeddable":true,"href":"https:\/\/queen-carnica.com\/fr\/wp-json\/wp\/v2\/product_cat?post=6194"},{"taxonomy":"product_tag","embeddable":true,"href":"https:\/\/queen-carnica.com\/fr\/wp-json\/wp\/v2\/product_tag?post=6194"}],"curies":[{"name":"wp","href":"https:\/\/api.w.org\/{rel}","templated":true}]}}