{"id":6187,"date":"2025-11-28T11:31:08","date_gmt":"2025-11-28T11:31:08","guid":{"rendered":"https:\/\/queen-carnica.com\/product\/familles-sur-cadres\/"},"modified":"2026-01-02T13:00:45","modified_gmt":"2026-01-02T12:00:45","slug":"familles-sur-cadres","status":"publish","type":"product","link":"https:\/\/queen-carnica.com\/fr\/product\/familles-sur-cadres\/","title":{"rendered":"Familles sur cadres"},"content":{"rendered":"<div class=\"elementor-element elementor-element-c726f83 elementor-widget elementor-widget-theme-page-title elementor-page-title elementor-widget-heading\" data-id=\"c726f83\" data-element_type=\"widget\" data-widget_type=\"theme-page-title.default\">\n<div class=\"elementor-widget-container\">\n<h1 class=\"elementor-heading-title elementor-size-default\">Familles sur cadres<\/h1>\n<\/div>\n<\/div>\n<div class=\"elementor-element elementor-element-e492134 elementor-widget elementor-widget-text-editor\" data-id=\"e492134\" data-element_type=\"widget\" data-widget_type=\"text-editor.default\">\n<div class=\"elementor-widget-container\">\n<p>Sur cadres LR1\/1 ou LR2\/3<br \/>\n(Langstroth) avec une reine de cette ann\u00e9e ou de l\u2019ann\u00e9e derni\u00e8re (Apis mellifera carnica)<br \/>\nou<br \/>\nAutres formats de cadres apr\u00e8s accord pr\u00e9alable, avec une reine de cette ann\u00e9e ou de l\u2019ann\u00e9e<br \/>\nderni\u00e8re (Apis mellifera carnica)<\/p>\n<\/div>\n<\/div>\n<div class=\"elementor-element elementor-element-db179cf elementor-widget elementor-widget-text-editor\" data-id=\"db179cf\" data-element_type=\"widget\" data-widget_type=\"text-editor.default\">\n<div class=\"elementor-widget-container\">\n<h4>Calme sur les cadres<\/h4>\n<p>Les familles sur cadres avec une vieille reine \u2014 de l\u2019ann\u00e9e derni\u00e8re \u2014 sont disponibles dans la<br \/>\nseconde moiti\u00e9 du mois d\u2019avril.<\/p>\n<p>Les familles sur cadres avec une jeune reine \u2014 de cette ann\u00e9e \u2014 sont disponibles dans la<br \/>\nseconde moiti\u00e9 du mois de mai.<\/p>\n<h4>Ne quitte pas le couvain<\/h4>\n<p>Vous prenez livraison des familles d\u2019abeilles \u00e0 notre adresse.<\/p>\n<p>Nous installons les familles d\u2019abeilles dans vos ruches ou dans nos ruches en bois, incluant le<br \/>\nplancher et le toit.<\/p>\n<h4>Bonne b\u00e2tisseuse de rayons<\/h4>\n<p>&nbsp;<\/p>\n<\/div>\n<\/div>\n<section class=\"elementor-section elementor-inner-section elementor-element elementor-element-be3c6cd elementor-section-boxed elementor-section-height-default elementor-section-height-default\" data-id=\"be3c6cd\" data-element_type=\"section\">\n<div class=\"elementor-container elementor-column-gap-no\">\n<div class=\"elementor-column elementor-col-100 elementor-inner-column elementor-element elementor-element-80d66e8\" data-id=\"80d66e8\" data-element_type=\"column\">\n<div class=\"elementor-widget-wrap elementor-element-populated\">\n<div class=\"elementor-element elementor-element-23ddd15 elementor-widget__width-auto elementor-hidden-mobile elementor-view-default elementor-widget elementor-widget-icon\" data-id=\"23ddd15\" data-element_type=\"widget\" data-widget_type=\"icon.default\">\n<div class=\"elementor-widget-container\">\n<div class=\"elementor-icon-wrapper\">\n<div class=\"elementor-icon\"><\/div>\n<\/div>\n<\/div>\n<\/div>\n<div class=\"elementor-element elementor-element-1d2a69e elementor-widget__width-auto elementor-widget elementor-widget-text-editor\" data-id=\"1d2a69e\" data-element_type=\"widget\" data-widget_type=\"text-editor.default\">\n<div class=\"elementor-widget-container\">\n<p>Saison de vente : avril \u2013 juillet<\/p>\n<\/div>\n<\/div>\n<\/div>\n<\/div>\n<\/div>\n<\/section>\n","protected":false},"excerpt":{"rendered":"<p>Prix : par cadre.<\/p>\n<p>Saison de vente : avril \u2013 juillet<\/p>\n","protected":false},"featured_media":6192,"comment_status":"open","ping_status":"closed","template":"","meta":{"_acf_changed":false},"product_brand":[],"product_cat":[91],"product_tag":[],"class_list":{"0":"post-6187","1":"product","2":"type-product","3":"status-publish","4":"has-post-thumbnail","6":"product_cat-familles-sur-cadres","8":"first","9":"instock","10":"shipping-taxable","11":"purchasable","12":"product-type-variable"},"acf":[],"_links":{"self":[{"href":"https:\/\/queen-carnica.com\/fr\/wp-json\/wp\/v2\/product\/6187","targetHints":{"allow":["GET"]}}],"collection":[{"href":"https:\/\/queen-carnica.com\/fr\/wp-json\/wp\/v2\/product"}],"about":[{"href":"https:\/\/queen-carnica.com\/fr\/wp-json\/wp\/v2\/types\/product"}],"replies":[{"embeddable":true,"href":"https:\/\/queen-carnica.com\/fr\/wp-json\/wp\/v2\/comments?post=6187"}],"wp:featuredmedia":[{"embeddable":true,"href":"https:\/\/queen-carnica.com\/fr\/wp-json\/wp\/v2\/media\/6192"}],"wp:attachment":[{"href":"https:\/\/queen-carnica.com\/fr\/wp-json\/wp\/v2\/media?parent=6187"}],"wp:term":[{"taxonomy":"product_brand","embeddable":true,"href":"https:\/\/queen-carnica.com\/fr\/wp-json\/wp\/v2\/product_brand?post=6187"},{"taxonomy":"product_cat","embeddable":true,"href":"https:\/\/queen-carnica.com\/fr\/wp-json\/wp\/v2\/product_cat?post=6187"},{"taxonomy":"product_tag","embeddable":true,"href":"https:\/\/queen-carnica.com\/fr\/wp-json\/wp\/v2\/product_tag?post=6187"}],"curies":[{"name":"wp","href":"https:\/\/api.w.org\/{rel}","templated":true}]}}