{"id":6179,"date":"2025-11-28T11:19:42","date_gmt":"2025-11-28T11:19:42","guid":{"rendered":"https:\/\/queen-carnica.com\/product\/essaims\/"},"modified":"2025-12-19T16:52:18","modified_gmt":"2025-12-19T15:52:18","slug":"essaims","status":"publish","type":"product","link":"https:\/\/queen-carnica.com\/fr\/product\/essaims\/","title":{"rendered":"Essaims"},"content":{"rendered":"<div class=\"elementor-element elementor-element-c726f83 elementor-widget elementor-widget-theme-page-title elementor-page-title elementor-widget-heading\" data-id=\"c726f83\" data-element_type=\"widget\" data-widget_type=\"theme-page-title.default\">\n<div class=\"elementor-widget-container\">\n<h1 class=\"elementor-heading-title elementor-size-default\">Essaims<\/h1>\n<\/div>\n<\/div>\n<div class=\"elementor-element elementor-element-e492134 elementor-widget elementor-widget-text-editor\" data-id=\"e492134\" data-element_type=\"widget\" data-widget_type=\"text-editor.default\">\n<div class=\"elementor-widget-container\">\n<p><strong>Avec une vieille reine<\/strong><br \/>\n(reine de l\u2019ann\u00e9e derni\u00e8re) et 1,2 kg d\u2019abeilles, disponibles dans le dernier tiers du mois d\u2019avril.<br \/>\nou<br \/>\nAvec une jeune reine<br \/>\n(reine de cette ann\u00e9e) et 1,2 kg d\u2019abeilles, disponibles dans le premier tiers du mois de mai.<\/p>\n<\/div>\n<\/div>\n<div class=\"elementor-element elementor-element-db179cf elementor-widget elementor-widget-text-editor\" data-id=\"db179cf\" data-element_type=\"widget\" data-widget_type=\"text-editor.default\">\n<div class=\"elementor-widget-container\">\n<h4>Douceur et non-agressivit\u00e9<\/h4>\n<p>Les essaims sont install\u00e9s dans des bo\u00eetes de transport en plastique \u00ab multibox \u00bb, avec de la nourriture et la reine plac\u00e9e dans une cage.<\/p>\n<p><i>* Le multibox n\u2019est pas inclus dans le prix. Les multibox sont enti\u00e8rement d\u00e9montables. Vous pouvez les d\u00e9monter et les renvoyer dans un colis pratique \u00e0 notre adresse ; dans ce cas, la caution vous sera rembours\u00e9e <\/i><\/p>\n<p><strong>Vous prenez livraison des essaims \u00e0 notre adresse,<\/strong> o\u00f9 leur \u00e9tat est v\u00e9rifi\u00e9 avant la prise en charge,<br \/>\nafin d\u2019assurer une satisfaction mutuelle.<\/p>\n<p>P\u00e9riode de soldes : du 15 avril au 9 mai<\/p>\n<\/div>\n<\/div>\n","protected":false},"excerpt":{"rendered":"<p>La totalit\u00e9 de l\u2019\u00e9levage des familles d\u2019abeilles est r\u00e9alis\u00e9e sous une stricte surveillance v\u00e9t\u00e9rinaire.<br \/>\nPour la lutte contre le varroa, nous utilisons exclusivement des moyens naturels \u2014 des acides.<\/p>\n","protected":false},"featured_media":6180,"comment_status":"open","ping_status":"closed","template":"","meta":{"_acf_changed":false},"product_brand":[],"product_cat":[90],"product_tag":[],"class_list":{"0":"post-6179","1":"product","2":"type-product","3":"status-publish","4":"has-post-thumbnail","6":"product_cat-essaims","8":"first","9":"instock","10":"shipping-taxable","11":"purchasable","12":"product-type-variable"},"acf":[],"_links":{"self":[{"href":"https:\/\/queen-carnica.com\/fr\/wp-json\/wp\/v2\/product\/6179","targetHints":{"allow":["GET"]}}],"collection":[{"href":"https:\/\/queen-carnica.com\/fr\/wp-json\/wp\/v2\/product"}],"about":[{"href":"https:\/\/queen-carnica.com\/fr\/wp-json\/wp\/v2\/types\/product"}],"replies":[{"embeddable":true,"href":"https:\/\/queen-carnica.com\/fr\/wp-json\/wp\/v2\/comments?post=6179"}],"wp:featuredmedia":[{"embeddable":true,"href":"https:\/\/queen-carnica.com\/fr\/wp-json\/wp\/v2\/media\/6180"}],"wp:attachment":[{"href":"https:\/\/queen-carnica.com\/fr\/wp-json\/wp\/v2\/media?parent=6179"}],"wp:term":[{"taxonomy":"product_brand","embeddable":true,"href":"https:\/\/queen-carnica.com\/fr\/wp-json\/wp\/v2\/product_brand?post=6179"},{"taxonomy":"product_cat","embeddable":true,"href":"https:\/\/queen-carnica.com\/fr\/wp-json\/wp\/v2\/product_cat?post=6179"},{"taxonomy":"product_tag","embeddable":true,"href":"https:\/\/queen-carnica.com\/fr\/wp-json\/wp\/v2\/product_tag?post=6179"}],"curies":[{"name":"wp","href":"https:\/\/api.w.org\/{rel}","templated":true}]}}