{"id":6171,"date":"2023-09-07T10:02:05","date_gmt":"2023-09-07T08:02:05","guid":{"rendered":"https:\/\/queen-carnica.com\/produkti\/"},"modified":"2025-12-16T23:21:53","modified_gmt":"2025-12-16T22:21:53","slug":"produits","status":"publish","type":"page","link":"https:\/\/queen-carnica.com\/fr\/produits\/","title":{"rendered":"Produits"},"content":{"rendered":"\t\t<div data-elementor-type=\"wp-page\" data-elementor-id=\"6171\" class=\"elementor elementor-6171 elementor-4022\">\n\t\t\t\t\t\t<div class=\"elementor-section elementor-top-section elementor-element elementor-element-caa2b58 elementor-section-full_width elementor-section-stretched elementor-section-height-default elementor-section-height-default\" data-id=\"caa2b58\" data-element_type=\"section\" data-e-type=\"section\" data-settings=\"{&quot;stretch_section&quot;:&quot;section-stretched&quot;}\">\n\t\t\t\t\t\t<div class=\"elementor-container elementor-column-gap-default\">\n\t\t\t\t\t<div class=\"elementor-column elementor-col-100 elementor-top-column elementor-element elementor-element-4ef4751\" data-id=\"4ef4751\" data-element_type=\"column\" data-e-type=\"column\">\n\t\t\t<div class=\"elementor-widget-wrap elementor-element-populated\">\n\t\t\t\t\t\t<div class=\"elementor-section elementor-inner-section elementor-element elementor-element-00d68b0 elementor-section-boxed elementor-section-height-default elementor-section-height-default\" data-id=\"00d68b0\" data-element_type=\"section\" data-e-type=\"section\">\n\t\t\t\t\t\t<div class=\"elementor-container elementor-column-gap-default\">\n\t\t\t\t\t<div class=\"elementor-column elementor-col-100 elementor-inner-column elementor-element elementor-element-867bcd9\" data-id=\"867bcd9\" data-element_type=\"column\" data-e-type=\"column\">\n\t\t\t<div class=\"elementor-widget-wrap elementor-element-populated\">\n\t\t\t\t\t\t<div class=\"elementor-element elementor-element-e7159ac elementor-widget elementor-widget-woo_ft_Product_grid\" data-id=\"e7159ac\" data-element_type=\"widget\" data-e-type=\"widget\" data-widget_type=\"woo_ft_Product_grid.default\">\n\t\t\t\t<div class=\"elementor-widget-container\">\n\t\t\t\t\t<div class=\"woocommerce columns-3 \"><div class=\"woocommerce-notices-wrapper\"><\/div><p class=\"woocommerce-result-count\" role=\"alert\" aria-relevant=\"all\" >\n\tAffichage de 1&ndash;6 sur 7 r\u00e9sultats<\/p>\n<form class=\"woocommerce-ordering\" method=\"get\">\n\t\t<select\n\t\tname=\"orderby\"\n\t\tclass=\"orderby\"\n\t\t\t\t\taria-label=\"Commande\"\n\t\t\t>\n\t\t\t\t\t<option value=\"menu_order\"  selected='selected'>Tri par d\u00e9faut<\/option>\n\t\t\t\t\t<option value=\"popularity\" >Tri par popularit\u00e9<\/option>\n\t\t\t\t\t<option value=\"rating\" >Tri par notes moyennes<\/option>\n\t\t\t\t\t<option value=\"date\" >Tri du plus r\u00e9cent au plus ancien<\/option>\n\t\t\t\t\t<option value=\"price\" >Tri par tarif croissant<\/option>\n\t\t\t\t\t<option value=\"price-desc\" >Tri par tarif d\u00e9croissant<\/option>\n\t\t\t<\/select>\n\t<input type=\"hidden\" name=\"paged\" value=\"1\" \/>\n\t<\/form>\n<ul class=\"products columns-3\">\n<li class=\"product type-product post-6164 status-publish first instock product_cat-matice has-post-thumbnail shipping-taxable purchasable product-type-simple\">\r\n\t<div class=\"pt-woo-single-product-main\">\r\n\t\t<div class=\"pt-product-item\">\r\n\t\t\t<div class=\"pt-product-img-inner\">\r\n\t\t\t\t<img fetchpriority=\"high\" decoding=\"async\" width=\"2400\" height=\"1344\" src=\"https:\/\/queen-carnica.com\/wp-content\/uploads\/2025\/11\/IMG_9817.jpg\" class=\"img-fluid wp-post-image\" alt=\"\" srcset=\"https:\/\/queen-carnica.com\/wp-content\/uploads\/2025\/11\/IMG_9817.jpg 2400w, https:\/\/queen-carnica.com\/wp-content\/uploads\/2025\/11\/IMG_9817-300x168.jpg 300w, https:\/\/queen-carnica.com\/wp-content\/uploads\/2025\/11\/IMG_9817-1024x573.jpg 1024w, https:\/\/queen-carnica.com\/wp-content\/uploads\/2025\/11\/IMG_9817-768x430.jpg 768w, https:\/\/queen-carnica.com\/wp-content\/uploads\/2025\/11\/IMG_9817-1536x860.jpg 1536w, https:\/\/queen-carnica.com\/wp-content\/uploads\/2025\/11\/IMG_9817-2048x1147.jpg 2048w, https:\/\/queen-carnica.com\/wp-content\/uploads\/2025\/11\/IMG_9817-600x336.jpg 600w\" sizes=\"(max-width: 2400px) 100vw, 2400px\" \/>\t\t\t\t\t\t\t\t<div class=\"pt-product-overlay\">\r\n\t\t\t\t\t<div class=\"pt-product-content\">\r\n\t\t\t\t\t\t<a href=\"https:\/\/queen-carnica.com\/fr\/product\/reine-de-production\/\" aria-describedby=\"woocommerce_loop_add_to_cart_link_describedby_6164\" data-quantity=\"1\" class=\"button product_type_simple add_to_cart_button\" data-product_id=\"6164\" data-product_sku=\"\" aria-label=\"Ajouter au panier\u00a0: &ldquo;Reine de production&rdquo;\" rel=\"nofollow\" data-success_message=\"\u00ab\u00a0Reine de production\u00a0\u00bb a \u00e9t\u00e9 ajout\u00e9 \u00e0 votre panier\">Select options<\/a>\t<span id=\"woocommerce_loop_add_to_cart_link_describedby_6164\" class=\"screen-reader-text\">\n\t\t\t<\/span>\n\t\t\t\t\t<\/div>\r\n\t\t\t\t<\/div>\r\n\t\t\t<\/div>\r\n\t\t\t<div class=\"pt-product-meta\">\r\n\t\t\t\t<div class=\"pt-product-info\">\r\n\t\t\t\t\t<div class=\"pt-grid-rating\"><\/div>\r\n\t\t\t\t\t<a href=\"https:\/\/queen-carnica.com\/fr\/product\/reine-de-production\/\"><h2 class=\"woocommerce-loop-product__title\">Reine de production<\/h2><\/a>\r\n\t\t\t\t\t\r\n\t\t\t\t<\/div>\r\n\t\t\t\t<div class=\"pt-grid-price\">\n\t<span class=\"price\"><span class=\"woocommerce-Price-amount amount\"><bdi>19,00&nbsp;<span class=\"woocommerce-Price-currencySymbol\">&euro;<\/span><\/bdi><\/span><\/span>\n <\/div>\r\n\t\t\t\t\r\n\t\t\t<\/div>\r\n\t\t<\/div>\r\n\t<\/div>\r\n<\/li>\r\n<li class=\"product type-product post-6174 status-publish instock product_cat-matice has-post-thumbnail shipping-taxable purchasable product-type-simple\">\r\n\t<div class=\"pt-woo-single-product-main\">\r\n\t\t<div class=\"pt-product-item\">\r\n\t\t\t<div class=\"pt-product-img-inner\">\r\n\t\t\t\t<img decoding=\"async\" width=\"1500\" height=\"2000\" src=\"https:\/\/queen-carnica.com\/wp-content\/uploads\/2025\/11\/404236230_6810570655677261_4072074627840780676_n.jpg\" class=\"img-fluid wp-post-image\" alt=\"\" srcset=\"https:\/\/queen-carnica.com\/wp-content\/uploads\/2025\/11\/404236230_6810570655677261_4072074627840780676_n.jpg 1500w, https:\/\/queen-carnica.com\/wp-content\/uploads\/2025\/11\/404236230_6810570655677261_4072074627840780676_n-225x300.jpg 225w, https:\/\/queen-carnica.com\/wp-content\/uploads\/2025\/11\/404236230_6810570655677261_4072074627840780676_n-768x1024.jpg 768w, https:\/\/queen-carnica.com\/wp-content\/uploads\/2025\/11\/404236230_6810570655677261_4072074627840780676_n-1152x1536.jpg 1152w, https:\/\/queen-carnica.com\/wp-content\/uploads\/2025\/11\/404236230_6810570655677261_4072074627840780676_n-600x800.jpg 600w\" sizes=\"(max-width: 1500px) 100vw, 1500px\" \/>\t\t\t\t\t\t\t\t<div class=\"pt-product-overlay\">\r\n\t\t\t\t\t<div class=\"pt-product-content\">\r\n\t\t\t\t\t\t<a href=\"https:\/\/queen-carnica.com\/fr\/product\/reine-mere-de-souche\/\" aria-describedby=\"woocommerce_loop_add_to_cart_link_describedby_6174\" data-quantity=\"1\" class=\"button product_type_simple add_to_cart_button\" data-product_id=\"6174\" data-product_sku=\"\" aria-label=\"Ajouter au panier\u00a0: &ldquo;Reine m\u00e8re de souche&rdquo;\" rel=\"nofollow\" data-success_message=\"\u00ab\u00a0Reine m\u00e8re de souche\u00a0\u00bb a \u00e9t\u00e9 ajout\u00e9 \u00e0 votre panier\">Select options<\/a>\t<span id=\"woocommerce_loop_add_to_cart_link_describedby_6174\" class=\"screen-reader-text\">\n\t\t\t<\/span>\n\t\t\t\t\t<\/div>\r\n\t\t\t\t<\/div>\r\n\t\t\t<\/div>\r\n\t\t\t<div class=\"pt-product-meta\">\r\n\t\t\t\t<div class=\"pt-product-info\">\r\n\t\t\t\t\t<div class=\"pt-grid-rating\"><\/div>\r\n\t\t\t\t\t<a href=\"https:\/\/queen-carnica.com\/fr\/product\/reine-mere-de-souche\/\"><h2 class=\"woocommerce-loop-product__title\">Reine m\u00e8re de souche<\/h2><\/a>\r\n\t\t\t\t\t\r\n\t\t\t\t<\/div>\r\n\t\t\t\t<div class=\"pt-grid-price\">\n\t<span class=\"price\"><span class=\"woocommerce-Price-amount amount\"><bdi>67,00&nbsp;<span class=\"woocommerce-Price-currencySymbol\">&euro;<\/span><\/bdi><\/span><\/span>\n <\/div>\r\n\t\t\t\t\r\n\t\t\t<\/div>\r\n\t\t<\/div>\r\n\t<\/div>\r\n<\/li>\r\n<li class=\"product type-product post-6187 status-publish last instock product_cat-familles-sur-cadres has-post-thumbnail shipping-taxable purchasable product-type-variable\">\r\n\t<div class=\"pt-woo-single-product-main\">\r\n\t\t<div class=\"pt-product-item\">\r\n\t\t\t<div class=\"pt-product-img-inner\">\r\n\t\t\t\t<img decoding=\"async\" width=\"2400\" height=\"1344\" src=\"https:\/\/queen-carnica.com\/wp-content\/uploads\/2025\/11\/IMG_9671.jpg\" class=\"img-fluid wp-post-image\" alt=\"\" srcset=\"https:\/\/queen-carnica.com\/wp-content\/uploads\/2025\/11\/IMG_9671.jpg 2400w, https:\/\/queen-carnica.com\/wp-content\/uploads\/2025\/11\/IMG_9671-300x168.jpg 300w, https:\/\/queen-carnica.com\/wp-content\/uploads\/2025\/11\/IMG_9671-1024x573.jpg 1024w, https:\/\/queen-carnica.com\/wp-content\/uploads\/2025\/11\/IMG_9671-768x430.jpg 768w, https:\/\/queen-carnica.com\/wp-content\/uploads\/2025\/11\/IMG_9671-1536x860.jpg 1536w, https:\/\/queen-carnica.com\/wp-content\/uploads\/2025\/11\/IMG_9671-2048x1147.jpg 2048w, https:\/\/queen-carnica.com\/wp-content\/uploads\/2025\/11\/IMG_9671-600x336.jpg 600w\" sizes=\"(max-width: 2400px) 100vw, 2400px\" \/>\t\t\t\t\t\t\t\t<div class=\"pt-product-overlay\">\r\n\t\t\t\t\t<div class=\"pt-product-content\">\r\n\t\t\t\t\t\t<a href=\"https:\/\/queen-carnica.com\/fr\/product\/familles-sur-cadres\/\" aria-describedby=\"woocommerce_loop_add_to_cart_link_describedby_6187\" data-quantity=\"1\" class=\"button product_type_variable add_to_cart_button\" data-product_id=\"6187\" data-product_sku=\"\" aria-label=\"S\u00e9lectionner les options pour &ldquo;Familles sur cadres&rdquo;\" rel=\"nofollow\">Select options<\/a>\t<span id=\"woocommerce_loop_add_to_cart_link_describedby_6187\" class=\"screen-reader-text\">\n\t\tCe produit a plusieurs variations. Les options peuvent \u00eatre choisies sur la page du produit\t<\/span>\n\t\t\t\t\t<\/div>\r\n\t\t\t\t<\/div>\r\n\t\t\t<\/div>\r\n\t\t\t<div class=\"pt-product-meta\">\r\n\t\t\t\t<div class=\"pt-product-info\">\r\n\t\t\t\t\t<div class=\"pt-grid-rating\"><\/div>\r\n\t\t\t\t\t<a href=\"https:\/\/queen-carnica.com\/fr\/product\/familles-sur-cadres\/\"><h2 class=\"woocommerce-loop-product__title\">Familles sur cadres<\/h2><\/a>\r\n\t\t\t\t\t\r\n\t\t\t\t<\/div>\r\n\t\t\t\t<div class=\"pt-grid-price\">\n\t<span class=\"price\"><span class=\"woocommerce-Price-amount amount\" aria-hidden=\"true\"><bdi>17,00&nbsp;<span class=\"woocommerce-Price-currencySymbol\">&euro;<\/span><\/bdi><\/span> <span aria-hidden=\"true\">\u00a0\u2013\u00a0<\/span> <span class=\"woocommerce-Price-amount amount\" aria-hidden=\"true\"><bdi>170,00&nbsp;<span class=\"woocommerce-Price-currencySymbol\">&euro;<\/span><\/bdi><\/span><span class=\"screen-reader-text\">Plage de prix\u00a0: 17,00&nbsp;&euro; \u00e0 170,00&nbsp;&euro;<\/span><\/span>\n <\/div>\r\n\t\t\t\t\r\n\t\t\t<\/div>\r\n\t\t<\/div>\r\n\t<\/div>\r\n<\/li>\r\n<li class=\"product type-product post-6203 status-publish first instock product_cat-matice has-post-thumbnail shipping-taxable purchasable product-type-simple\">\r\n\t<div class=\"pt-woo-single-product-main\">\r\n\t\t<div class=\"pt-product-item\">\r\n\t\t\t<div class=\"pt-product-img-inner\">\r\n\t\t\t\t<img loading=\"lazy\" decoding=\"async\" width=\"973\" height=\"1300\" src=\"https:\/\/queen-carnica.com\/wp-content\/uploads\/2025\/11\/IMG_20200617_151933-973x1300-2.jpg\" class=\"img-fluid wp-post-image\" alt=\"\" srcset=\"https:\/\/queen-carnica.com\/wp-content\/uploads\/2025\/11\/IMG_20200617_151933-973x1300-2.jpg 973w, https:\/\/queen-carnica.com\/wp-content\/uploads\/2025\/11\/IMG_20200617_151933-973x1300-2-225x300.jpg 225w, https:\/\/queen-carnica.com\/wp-content\/uploads\/2025\/11\/IMG_20200617_151933-973x1300-2-766x1024.jpg 766w, https:\/\/queen-carnica.com\/wp-content\/uploads\/2025\/11\/IMG_20200617_151933-973x1300-2-768x1026.jpg 768w, https:\/\/queen-carnica.com\/wp-content\/uploads\/2025\/11\/IMG_20200617_151933-973x1300-2-600x802.jpg 600w\" sizes=\"(max-width: 973px) 100vw, 973px\" \/>\t\t\t\t\t\t\t\t<div class=\"pt-product-overlay\">\r\n\t\t\t\t\t<div class=\"pt-product-content\">\r\n\t\t\t\t\t\t<a href=\"https:\/\/queen-carnica.com\/fr\/product\/souche-hivernee\/\" aria-describedby=\"woocommerce_loop_add_to_cart_link_describedby_6203\" data-quantity=\"1\" class=\"button product_type_simple add_to_cart_button\" data-product_id=\"6203\" data-product_sku=\"\" aria-label=\"Ajouter au panier\u00a0: &ldquo;Souche hivern\u00e9e&rdquo;\" rel=\"nofollow\" data-success_message=\"\u00ab\u00a0Souche hivern\u00e9e\u00a0\u00bb a \u00e9t\u00e9 ajout\u00e9 \u00e0 votre panier\">Select options<\/a>\t<span id=\"woocommerce_loop_add_to_cart_link_describedby_6203\" class=\"screen-reader-text\">\n\t\t\t<\/span>\n\t\t\t\t\t<\/div>\r\n\t\t\t\t<\/div>\r\n\t\t\t<\/div>\r\n\t\t\t<div class=\"pt-product-meta\">\r\n\t\t\t\t<div class=\"pt-product-info\">\r\n\t\t\t\t\t<div class=\"pt-grid-rating\"><\/div>\r\n\t\t\t\t\t<a href=\"https:\/\/queen-carnica.com\/fr\/product\/souche-hivernee\/\"><h2 class=\"woocommerce-loop-product__title\">Souche hivern\u00e9e<\/h2><\/a>\r\n\t\t\t\t\t\r\n\t\t\t\t<\/div>\r\n\t\t\t\t<div class=\"pt-grid-price\">\n\t<span class=\"price\"><span class=\"woocommerce-Price-amount amount\"><bdi>280,00&nbsp;<span class=\"woocommerce-Price-currencySymbol\">&euro;<\/span><\/bdi><\/span><\/span>\n <\/div>\r\n\t\t\t\t\r\n\t\t\t<\/div>\r\n\t\t<\/div>\r\n\t<\/div>\r\n<\/li>\r\n<li class=\"product type-product post-6198 status-publish instock product_cat-matice has-post-thumbnail shipping-taxable purchasable product-type-simple\">\r\n\t<div class=\"pt-woo-single-product-main\">\r\n\t\t<div class=\"pt-product-item\">\r\n\t\t\t<div class=\"pt-product-img-inner\">\r\n\t\t\t\t<img loading=\"lazy\" decoding=\"async\" width=\"1300\" height=\"650\" src=\"https:\/\/queen-carnica.com\/wp-content\/uploads\/2025\/11\/IMG-a3f46b68c22ecc4b38f0774f0a519ea6-V-1-1300x650-1.jpg\" class=\"img-fluid wp-post-image\" alt=\"\" srcset=\"https:\/\/queen-carnica.com\/wp-content\/uploads\/2025\/11\/IMG-a3f46b68c22ecc4b38f0774f0a519ea6-V-1-1300x650-1.jpg 1300w, https:\/\/queen-carnica.com\/wp-content\/uploads\/2025\/11\/IMG-a3f46b68c22ecc4b38f0774f0a519ea6-V-1-1300x650-1-300x150.jpg 300w, https:\/\/queen-carnica.com\/wp-content\/uploads\/2025\/11\/IMG-a3f46b68c22ecc4b38f0774f0a519ea6-V-1-1300x650-1-1024x512.jpg 1024w, https:\/\/queen-carnica.com\/wp-content\/uploads\/2025\/11\/IMG-a3f46b68c22ecc4b38f0774f0a519ea6-V-1-1300x650-1-768x384.jpg 768w, https:\/\/queen-carnica.com\/wp-content\/uploads\/2025\/11\/IMG-a3f46b68c22ecc4b38f0774f0a519ea6-V-1-1300x650-1-600x300.jpg 600w\" sizes=\"(max-width: 1300px) 100vw, 1300px\" \/>\t\t\t\t\t\t\t\t<div class=\"pt-product-overlay\">\r\n\t\t\t\t\t<div class=\"pt-product-content\">\r\n\t\t\t\t\t\t<a href=\"https:\/\/queen-carnica.com\/fr\/product\/reine-mere-de-souche-hivernee\/\" aria-describedby=\"woocommerce_loop_add_to_cart_link_describedby_6198\" data-quantity=\"1\" class=\"button product_type_simple add_to_cart_button\" data-product_id=\"6198\" data-product_sku=\"\" aria-label=\"Ajouter au panier\u00a0: &ldquo;Reine m\u00e8re de souche hivern\u00e9e&rdquo;\" rel=\"nofollow\" data-success_message=\"\u00ab\u00a0Reine m\u00e8re de souche hivern\u00e9e\u00a0\u00bb a \u00e9t\u00e9 ajout\u00e9 \u00e0 votre panier\">Select options<\/a>\t<span id=\"woocommerce_loop_add_to_cart_link_describedby_6198\" class=\"screen-reader-text\">\n\t\t\t<\/span>\n\t\t\t\t\t<\/div>\r\n\t\t\t\t<\/div>\r\n\t\t\t<\/div>\r\n\t\t\t<div class=\"pt-product-meta\">\r\n\t\t\t\t<div class=\"pt-product-info\">\r\n\t\t\t\t\t<div class=\"pt-grid-rating\"><\/div>\r\n\t\t\t\t\t<a href=\"https:\/\/queen-carnica.com\/fr\/product\/reine-mere-de-souche-hivernee\/\"><h2 class=\"woocommerce-loop-product__title\">Reine m\u00e8re de souche hivern\u00e9e<\/h2><\/a>\r\n\t\t\t\t\t\r\n\t\t\t\t<\/div>\r\n\t\t\t\t<div class=\"pt-grid-price\">\n\t<span class=\"price\"><span class=\"woocommerce-Price-amount amount\"><bdi>200,00&nbsp;<span class=\"woocommerce-Price-currencySymbol\">&euro;<\/span><\/bdi><\/span><\/span>\n <\/div>\r\n\t\t\t\t\r\n\t\t\t<\/div>\r\n\t\t<\/div>\r\n\t<\/div>\r\n<\/li>\r\n<li class=\"product type-product post-6179 status-publish last instock product_cat-essaims has-post-thumbnail shipping-taxable purchasable product-type-variable\">\r\n\t<div class=\"pt-woo-single-product-main\">\r\n\t\t<div class=\"pt-product-item\">\r\n\t\t\t<div class=\"pt-product-img-inner\">\r\n\t\t\t\t<img loading=\"lazy\" decoding=\"async\" width=\"625\" height=\"938\" src=\"https:\/\/queen-carnica.com\/wp-content\/uploads\/2025\/11\/img_1_1671861829681.jpg\" class=\"img-fluid wp-post-image\" alt=\"\" srcset=\"https:\/\/queen-carnica.com\/wp-content\/uploads\/2025\/11\/img_1_1671861829681.jpg 625w, https:\/\/queen-carnica.com\/wp-content\/uploads\/2025\/11\/img_1_1671861829681-200x300.jpg 200w, https:\/\/queen-carnica.com\/wp-content\/uploads\/2025\/11\/img_1_1671861829681-600x900.jpg 600w\" sizes=\"(max-width: 625px) 100vw, 625px\" \/>\t\t\t\t\t\t\t\t<div class=\"pt-product-overlay\">\r\n\t\t\t\t\t<div class=\"pt-product-content\">\r\n\t\t\t\t\t\t<a href=\"https:\/\/queen-carnica.com\/fr\/product\/essaims\/\" aria-describedby=\"woocommerce_loop_add_to_cart_link_describedby_6179\" data-quantity=\"1\" class=\"button product_type_variable add_to_cart_button\" data-product_id=\"6179\" data-product_sku=\"\" aria-label=\"S\u00e9lectionner les options pour &ldquo;Essaims&rdquo;\" rel=\"nofollow\">Select options<\/a>\t<span id=\"woocommerce_loop_add_to_cart_link_describedby_6179\" class=\"screen-reader-text\">\n\t\tCe produit a plusieurs variations. Les options peuvent \u00eatre choisies sur la page du produit\t<\/span>\n\t\t\t\t\t<\/div>\r\n\t\t\t\t<\/div>\r\n\t\t\t<\/div>\r\n\t\t\t<div class=\"pt-product-meta\">\r\n\t\t\t\t<div class=\"pt-product-info\">\r\n\t\t\t\t\t<div class=\"pt-grid-rating\"><\/div>\r\n\t\t\t\t\t<a href=\"https:\/\/queen-carnica.com\/fr\/product\/essaims\/\"><h2 class=\"woocommerce-loop-product__title\">Essaims<\/h2><\/a>\r\n\t\t\t\t\t\r\n\t\t\t\t<\/div>\r\n\t\t\t\t<div class=\"pt-grid-price\">\n\t<span class=\"price\"><span class=\"woocommerce-Price-amount amount\" aria-hidden=\"true\"><bdi>90,00&nbsp;<span class=\"woocommerce-Price-currencySymbol\">&euro;<\/span><\/bdi><\/span> <span aria-hidden=\"true\">\u00a0\u2013\u00a0<\/span> <span class=\"woocommerce-Price-amount amount\" aria-hidden=\"true\"><bdi>110,00&nbsp;<span class=\"woocommerce-Price-currencySymbol\">&euro;<\/span><\/bdi><\/span><span class=\"screen-reader-text\">Plage de prix\u00a0: 90,00&nbsp;&euro; \u00e0 110,00&nbsp;&euro;<\/span><\/span>\n <\/div>\r\n\t\t\t\t\r\n\t\t\t<\/div>\r\n\t\t<\/div>\r\n\t<\/div>\r\n<\/li>\r\n<\/ul>\n<nav class=\"woocommerce-pagination\" aria-label=\"Pagination des produits\">\n\t<ul class='page-numbers'>\n\t<li><span aria-label=\"Page 1\" aria-current=\"page\" class=\"page-numbers current\">1<\/span><\/li>\n\t<li><a aria-label=\"Page 2\" class=\"page-numbers\" href=\"\/fr\/wp-json\/wp\/v2\/pages\/6171?product-page=2\">2<\/a><\/li>\n\t<li><a class=\"next page-numbers\" href=\"\/fr\/wp-json\/wp\/v2\/pages\/6171?product-page=2\">&rarr;<\/a><\/li>\n<\/ul>\n<\/nav>\n<\/div>    \t\t\t\t<\/div>\n\t\t\t\t<\/div>\n\t\t\t\t\t<\/div>\n\t\t<\/div>\n\t\t\t\t\t<\/div>\n\t\t<\/div>\n\t\t\t\t\t<\/div>\n\t\t<\/div>\n\t\t\t\t\t<\/div>\n\t\t<\/div>\n\t\t\t\t<\/div>\n\t\t","protected":false},"excerpt":{"rendered":"<p>Showing 1&ndash;6 of 12 results Default sortingSort by popularitySort by average ratingSort by latestSort by price: low to highSort by price: high to low Add to cart Buckwheat Honey &#36;70.00 Add to cart Creamed Honey &#36;80.00 Add to cart Eucalyptus Honey &#36;66.00 Add to cart Beeswax Honey &#36;44.00 Add to cart Honey Jam &#36;40.00 Add [&hellip;]<\/p>\n","protected":false},"author":1,"featured_media":0,"parent":0,"menu_order":0,"comment_status":"closed","ping_status":"closed","template":"","meta":{"_acf_changed":false,"footnotes":""},"class_list":["post-6171","page","type-page","status-publish","hentry"],"acf":[],"_links":{"self":[{"href":"https:\/\/queen-carnica.com\/fr\/wp-json\/wp\/v2\/pages\/6171","targetHints":{"allow":["GET"]}}],"collection":[{"href":"https:\/\/queen-carnica.com\/fr\/wp-json\/wp\/v2\/pages"}],"about":[{"href":"https:\/\/queen-carnica.com\/fr\/wp-json\/wp\/v2\/types\/page"}],"author":[{"embeddable":true,"href":"https:\/\/queen-carnica.com\/fr\/wp-json\/wp\/v2\/users\/1"}],"replies":[{"embeddable":true,"href":"https:\/\/queen-carnica.com\/fr\/wp-json\/wp\/v2\/comments?post=6171"}],"version-history":[{"count":3,"href":"https:\/\/queen-carnica.com\/fr\/wp-json\/wp\/v2\/pages\/6171\/revisions"}],"predecessor-version":[{"id":6412,"href":"https:\/\/queen-carnica.com\/fr\/wp-json\/wp\/v2\/pages\/6171\/revisions\/6412"}],"wp:attachment":[{"href":"https:\/\/queen-carnica.com\/fr\/wp-json\/wp\/v2\/media?parent=6171"}],"curies":[{"name":"wp","href":"https:\/\/api.w.org\/{rel}","templated":true}]}}