{"id":6375,"date":"2025-11-28T11:47:09","date_gmt":"2025-11-28T11:47:09","guid":{"rendered":"https:\/\/queen-carnica.com\/product\/ueberwinterte-zuchtmutter\/"},"modified":"2026-01-02T13:03:29","modified_gmt":"2026-01-02T12:03:29","slug":"ueberwinterte-zuchtmutter","status":"publish","type":"product","link":"https:\/\/queen-carnica.com\/de\/product\/ueberwinterte-zuchtmutter\/","title":{"rendered":"\u00dcberwinterte Zuchtmutter"},"content":{"rendered":"<p>Eine \u00fcberwinterte Zuchtmutter ist eine K\u00f6nigin, von der wir in der vergangenen Saison Zuchtmaterial (Larven) f\u00fcr die K\u00f6niginnenproduktion in unserer Imkerei entnommen haben. Ihre Nachkommen wurden anschlie\u00dfend an Kunden in der gesamten Europ\u00e4ischen Union abgegeben.<br \/>\nDie K\u00f6nigin verf\u00fcgt \u00fcber eine bekannte m\u00fctterliche Linie und ist vom Landwirtschaftlichen Institut Sloweniens anerkannt. Sie wurde unter strengen Selektionsbedingungen gepr\u00fcft, wobei besonderes Augenmerk auf folgende Merkmale gelegt wurde:<br \/>\n\u2013 rassetypische F\u00e4rbung<br \/>\n\u2013 Sanftmut<br \/>\n\u2013 Honigleistung<br \/>\n\u2013 ruhiger Wabensitz bei der Durchsicht<br \/>\n\u2013 Hygieneverhalten, gepr\u00fcft mittels Pin-Kill-Test<\/p>\n<p><strong>Aufgrund dieser Eigenschaften eignen sich \u00fcberwinterte Zuchtm\u00fctter besonders f\u00fcr:<\/strong><\/p>\n<ul>\n<li>die Bildung verschiedener genetischer Kombinationen im eigenen Imkereibetrieb,<\/li>\n<li>die Weiterzucht ihrer Nachkommen im eigenen Bestand,<\/li>\n<li>den Aufbau von Drohnenlinien, wodurch sich die Eigenschaften der Nachzuchten nachhaltig verbessern lassen.<\/li>\n<\/ul>\n","protected":false},"excerpt":{"rendered":"<p>Eine \u00fcberwinterte Zuchtmutter ist eine K\u00f6nigin, von der wir in der vergangenen Saison Zuchtmaterial (Larven) f\u00fcr die K\u00f6niginnenproduktion in unserer Imkerei entnommen haben. Ihre Nachkommen wurden anschlie\u00dfend an Kunden in der gesamten Europ\u00e4ischen Union abgegeben. Die K\u00f6nigin verf\u00fcgt \u00fcber eine bekannte m\u00fctterliche Linie und ist vom Landwirtschaftlichen Institut Sloweniens anerkannt. Sie wurde unter strengen Selektionsbedingungen [&hellip;]<\/p>\n","protected":false},"featured_media":6378,"comment_status":"open","ping_status":"closed","template":"","meta":{"_acf_changed":false},"product_brand":[],"product_cat":[83],"product_tag":[],"class_list":{"0":"post-6375","1":"product","2":"type-product","3":"status-publish","4":"has-post-thumbnail","6":"product_cat-konigin","8":"first","9":"instock","10":"shipping-taxable","11":"purchasable","12":"product-type-simple"},"acf":[],"_links":{"self":[{"href":"https:\/\/queen-carnica.com\/de\/wp-json\/wp\/v2\/product\/6375","targetHints":{"allow":["GET"]}}],"collection":[{"href":"https:\/\/queen-carnica.com\/de\/wp-json\/wp\/v2\/product"}],"about":[{"href":"https:\/\/queen-carnica.com\/de\/wp-json\/wp\/v2\/types\/product"}],"replies":[{"embeddable":true,"href":"https:\/\/queen-carnica.com\/de\/wp-json\/wp\/v2\/comments?post=6375"}],"wp:featuredmedia":[{"embeddable":true,"href":"https:\/\/queen-carnica.com\/de\/wp-json\/wp\/v2\/media\/6378"}],"wp:attachment":[{"href":"https:\/\/queen-carnica.com\/de\/wp-json\/wp\/v2\/media?parent=6375"}],"wp:term":[{"taxonomy":"product_brand","embeddable":true,"href":"https:\/\/queen-carnica.com\/de\/wp-json\/wp\/v2\/product_brand?post=6375"},{"taxonomy":"product_cat","embeddable":true,"href":"https:\/\/queen-carnica.com\/de\/wp-json\/wp\/v2\/product_cat?post=6375"},{"taxonomy":"product_tag","embeddable":true,"href":"https:\/\/queen-carnica.com\/de\/wp-json\/wp\/v2\/product_tag?post=6375"}],"curies":[{"name":"wp","href":"https:\/\/api.w.org\/{rel}","templated":true}]}}