{"id":6370,"date":"2025-11-28T11:43:50","date_gmt":"2025-11-28T11:43:50","guid":{"rendered":"https:\/\/queen-carnica.com\/product\/ueberwinterte-zuchtkoenigin\/"},"modified":"2026-01-02T13:04:05","modified_gmt":"2026-01-02T12:04:05","slug":"ueberwinterte-zuchtkoenigin","status":"publish","type":"product","link":"https:\/\/queen-carnica.com\/de\/product\/ueberwinterte-zuchtkoenigin\/","title":{"rendered":"\u00dcberwinterte Zuchtk\u00f6nigin"},"content":{"rendered":"<p>\u00dcberwinterte Zuchtk\u00f6niginnen sind Nachkommen erstklassiger Zuchtmutterbienen, die vom Landwirtschaftlichen Institut Sloweniens anerkannt und best\u00e4tigt wurden. Die Begattung erfolgte auf der Belegstelle Lu\u010dka Bela, wo gezielt ausgew\u00e4hlte Drohnenv\u00f6lker eingesetzt wurden. Diese Drohnenv\u00f6lker wurden vom Landwirtschaftlichen Institut Sloweniens auf Basis der Ergebnisse von Progeny-Tests (Nachkommenspr\u00fcfungen) ausgew\u00e4hlt.<br \/>\nDadurch verf\u00fcgen diese K\u00f6niginnen \u00fcber bekannte und gepr\u00fcfte Eigenschaften sowohl m\u00fctterlicher- als auch v\u00e4terlicherseits. Sie wurden in der vergangenen Saison unter Produktionsbedingungen gepr\u00fcft.<\/p>\n<p><strong>Aufgrund dieser Eigenschaften eignen sie sich besonders f\u00fcr:<\/strong><\/p>\n<ul>\n<li>die Bildung neuer Linien im eigenen Imkereibetrieb,<\/li>\n<li>die Zucht von Nachkommen aus einer Zuchtk\u00f6nigin,<\/li>\n<li>den Aufbau neuer Drohnenlinien, die in der Folge die Eigenschaften der Nachzuchten aus der eigenen Zucht verbessern,<\/li>\n<li>die Erstellung neuer z\u00fcchterischer Kombinationen im eigenen Imkereibetrieb.<\/li>\n<\/ul>\n","protected":false},"excerpt":{"rendered":"<p>\u00dcberwinterte Zuchtk\u00f6niginnen sind Nachkommen erstklassiger Zuchtmutterbienen, die vom Landwirtschaftlichen Institut Sloweniens anerkannt und best\u00e4tigt wurden. Die Begattung erfolgte auf der Belegstelle Lu\u010dka Bela, wo gezielt ausgew\u00e4hlte Drohnenv\u00f6lker eingesetzt wurden. Diese Drohnenv\u00f6lker wurden vom Landwirtschaftlichen Institut Sloweniens auf Basis der Ergebnisse von Progeny-Tests (Nachkommenspr\u00fcfungen) ausgew\u00e4hlt. Dadurch verf\u00fcgen diese K\u00f6niginnen \u00fcber bekannte und gepr\u00fcfte Eigenschaften sowohl m\u00fctterlicher- [&hellip;]<\/p>\n","protected":false},"featured_media":6372,"comment_status":"open","ping_status":"closed","template":"","meta":{"_acf_changed":false},"product_brand":[],"product_cat":[83],"product_tag":[],"class_list":{"0":"post-6370","1":"product","2":"type-product","3":"status-publish","4":"has-post-thumbnail","6":"product_cat-konigin","8":"first","9":"instock","10":"shipping-taxable","11":"purchasable","12":"product-type-simple"},"acf":[],"_links":{"self":[{"href":"https:\/\/queen-carnica.com\/de\/wp-json\/wp\/v2\/product\/6370","targetHints":{"allow":["GET"]}}],"collection":[{"href":"https:\/\/queen-carnica.com\/de\/wp-json\/wp\/v2\/product"}],"about":[{"href":"https:\/\/queen-carnica.com\/de\/wp-json\/wp\/v2\/types\/product"}],"replies":[{"embeddable":true,"href":"https:\/\/queen-carnica.com\/de\/wp-json\/wp\/v2\/comments?post=6370"}],"wp:featuredmedia":[{"embeddable":true,"href":"https:\/\/queen-carnica.com\/de\/wp-json\/wp\/v2\/media\/6372"}],"wp:attachment":[{"href":"https:\/\/queen-carnica.com\/de\/wp-json\/wp\/v2\/media?parent=6370"}],"wp:term":[{"taxonomy":"product_brand","embeddable":true,"href":"https:\/\/queen-carnica.com\/de\/wp-json\/wp\/v2\/product_brand?post=6370"},{"taxonomy":"product_cat","embeddable":true,"href":"https:\/\/queen-carnica.com\/de\/wp-json\/wp\/v2\/product_cat?post=6370"},{"taxonomy":"product_tag","embeddable":true,"href":"https:\/\/queen-carnica.com\/de\/wp-json\/wp\/v2\/product_tag?post=6370"}],"curies":[{"name":"wp","href":"https:\/\/api.w.org\/{rel}","templated":true}]}}