{"id":6365,"date":"2025-11-28T11:42:17","date_gmt":"2025-11-28T11:42:17","guid":{"rendered":"https:\/\/queen-carnica.com\/product\/ueberwinterte-wirtschaftskoenigin\/"},"modified":"2026-01-02T13:04:43","modified_gmt":"2026-01-02T12:04:43","slug":"ueberwinterte-wirtschaftskoenigin","status":"publish","type":"product","link":"https:\/\/queen-carnica.com\/de\/product\/ueberwinterte-wirtschaftskoenigin\/","title":{"rendered":"\u00dcberwinterte Wirtschaftsk\u00f6nigin"},"content":{"rendered":"<p>\u00dcberwinterte Wirtschaftsk\u00f6niginnen sind Nachkommen hochwertiger Zuchtk\u00f6niginnen, die vom Landwirtschaftlichen Institut Sloweniens genehmigt und best\u00e4tigt wurden und deren m\u00fctterliche Linie vollst\u00e4ndig bekannt ist.<br \/>\nSie wurden w\u00e4hrend der letzten Saison im Produktionsprozess getestet und nach strenger Selektion ausgew\u00e4hlt, bei der folgende Merkmale kontrolliert wurden:<br \/>\nkorrekte F\u00e4rbung, ruhiger Wabensitz, Sanftmut und geringe Aggressivit\u00e4t, Vitalit\u00e4t, hohe Leistungsf\u00e4higkeit<\/p>\n<p><strong>Aufgrund dieser Eigenschaften eignen sie sich ideal f\u00fcr:<\/strong><\/p>\n<ul>\n<li>die Zucht von Nachkommen in Ihrem Imkereibetrieb,<\/li>\n<li>die Bildung von Drohnenlinien in Ihrem Imkereibetrieb,<\/li>\n<li>den fr\u00fchzeitigen Austausch von K\u00f6niginnen in V\u00f6lkern, in denen die bisherigen K\u00f6niginnen aus unterschiedlichen Gr\u00fcnden nicht mehr geeignet sind,<\/li>\n<li>den fr\u00fchzeitigen Austausch, wenn junge begattete K\u00f6niginnen noch nicht verf\u00fcgbar sind<\/li>\n<\/ul>\n","protected":false},"excerpt":{"rendered":"<p>\u00dcberwinterte Wirtschaftsk\u00f6niginnen sind Nachkommen hochwertiger Zuchtk\u00f6niginnen, die vom Landwirtschaftlichen Institut Sloweniens genehmigt und best\u00e4tigt wurden und deren m\u00fctterliche Linie vollst\u00e4ndig bekannt ist. Sie wurden w\u00e4hrend der letzten Saison im Produktionsprozess getestet und nach strenger Selektion ausgew\u00e4hlt, bei der folgende Merkmale kontrolliert wurden: korrekte F\u00e4rbung, ruhiger Wabensitz, Sanftmut und geringe Aggressivit\u00e4t, Vitalit\u00e4t, hohe Leistungsf\u00e4higkeit Aufgrund dieser [&hellip;]<\/p>\n","protected":false},"featured_media":6366,"comment_status":"open","ping_status":"closed","template":"","meta":{"_acf_changed":false},"product_brand":[],"product_cat":[83],"product_tag":[],"class_list":{"0":"post-6365","1":"product","2":"type-product","3":"status-publish","4":"has-post-thumbnail","6":"product_cat-konigin","8":"first","9":"instock","10":"shipping-taxable","11":"purchasable","12":"product-type-simple"},"acf":[],"_links":{"self":[{"href":"https:\/\/queen-carnica.com\/de\/wp-json\/wp\/v2\/product\/6365","targetHints":{"allow":["GET"]}}],"collection":[{"href":"https:\/\/queen-carnica.com\/de\/wp-json\/wp\/v2\/product"}],"about":[{"href":"https:\/\/queen-carnica.com\/de\/wp-json\/wp\/v2\/types\/product"}],"replies":[{"embeddable":true,"href":"https:\/\/queen-carnica.com\/de\/wp-json\/wp\/v2\/comments?post=6365"}],"wp:featuredmedia":[{"embeddable":true,"href":"https:\/\/queen-carnica.com\/de\/wp-json\/wp\/v2\/media\/6366"}],"wp:attachment":[{"href":"https:\/\/queen-carnica.com\/de\/wp-json\/wp\/v2\/media?parent=6365"}],"wp:term":[{"taxonomy":"product_brand","embeddable":true,"href":"https:\/\/queen-carnica.com\/de\/wp-json\/wp\/v2\/product_brand?post=6365"},{"taxonomy":"product_cat","embeddable":true,"href":"https:\/\/queen-carnica.com\/de\/wp-json\/wp\/v2\/product_cat?post=6365"},{"taxonomy":"product_tag","embeddable":true,"href":"https:\/\/queen-carnica.com\/de\/wp-json\/wp\/v2\/product_tag?post=6365"}],"curies":[{"name":"wp","href":"https:\/\/api.w.org\/{rel}","templated":true}]}}