{"id":6357,"date":"2025-11-28T11:31:08","date_gmt":"2025-11-28T11:31:08","guid":{"rendered":"https:\/\/queen-carnica.com\/product\/druzine-na-satju\/"},"modified":"2026-01-02T13:05:20","modified_gmt":"2026-01-02T12:05:20","slug":"bienenvoelker-auf-waben","status":"publish","type":"product","link":"https:\/\/queen-carnica.com\/de\/product\/bienenvoelker-auf-waben\/","title":{"rendered":"Bienenv\u00f6lker auf Waben"},"content":{"rendered":"<div class=\"elementor-element elementor-element-c726f83 elementor-widget elementor-widget-theme-page-title elementor-page-title elementor-widget-heading\" data-id=\"c726f83\" data-element_type=\"widget\" data-widget_type=\"theme-page-title.default\">\n<div class=\"elementor-widget-container\">\n<h1 class=\"elementor-heading-title elementor-size-default\">Bienenv\u00f6lker auf Waben<\/h1>\n<\/div>\n<\/div>\n<div class=\"elementor-element elementor-element-e492134 elementor-widget elementor-widget-text-editor\" data-id=\"e492134\" data-element_type=\"widget\" data-widget_type=\"text-editor.default\">\n<div class=\"elementor-widget-container\">\n<p><strong>auf LR 1\/1 oder LR 2\/3<\/strong><br \/>\nauf Langstroth-Waben mit diesj\u00e4hriger oder letztj\u00e4hriger K\u00f6nigin (Apis mellifera carnica)<\/p>\n<p>oder<br \/>\nandere Wabenformate nach vorheriger Absprache mit diesj\u00e4hriger oder letztj\u00e4hriger K\u00f6nigin (Apis mellifera carnica).<\/p>\n<\/div>\n<\/div>\n<div class=\"elementor-element elementor-element-db179cf elementor-widget elementor-widget-text-editor\" data-id=\"db179cf\" data-element_type=\"widget\" data-widget_type=\"text-editor.default\">\n<div class=\"elementor-widget-container\">\n<h4>GUTER WABENSITZ<\/h4>\n<p>V\u00f6lker auf Waben mit einer alten \u2013 \u00fcberwinterten K\u00f6nigin stehen in der zweiten Aprilh\u00e4lfte zur Verf\u00fcgung.<\/p>\n<p>V\u00f6lker auf Waben mit einer jungen \u2013 diesj\u00e4hrigen K\u00f6nigin stehen in der zweiten Maih\u00e4lfte zur Verf\u00fcgung.<\/p>\n<h4>VERL\u00c4SST DIE BRUT NICHT<\/h4>\n<p>Sie \u00fcbernehmen die Bienenv\u00f6lker bei uns vor Ort.<\/p>\n<p>Wir siedeln die Bienenv\u00f6lker entweder in Ihre Beuten oder in unsere Holzbeuten samt Bodenbrett und Dach ein.<\/p>\n<h4>GUTE WABENBAUERIN<\/h4>\n<p>&nbsp;<\/p>\n<\/div>\n<\/div>\n<section class=\"elementor-section elementor-inner-section elementor-element elementor-element-be3c6cd elementor-section-boxed elementor-section-height-default elementor-section-height-default\" data-id=\"be3c6cd\" data-element_type=\"section\">\n<div class=\"elementor-container elementor-column-gap-no\">\n<div class=\"elementor-column elementor-col-100 elementor-inner-column elementor-element elementor-element-80d66e8\" data-id=\"80d66e8\" data-element_type=\"column\">\n<div class=\"elementor-widget-wrap elementor-element-populated\">\n<div class=\"elementor-element elementor-element-23ddd15 elementor-widget__width-auto elementor-hidden-mobile elementor-view-default elementor-widget elementor-widget-icon\" data-id=\"23ddd15\" data-element_type=\"widget\" data-widget_type=\"icon.default\">\n<div class=\"elementor-widget-container\">\n<div class=\"elementor-icon-wrapper\">\n<div class=\"elementor-icon\"><\/div>\n<\/div>\n<\/div>\n<\/div>\n<div class=\"elementor-element elementor-element-1d2a69e elementor-widget__width-auto elementor-widget elementor-widget-text-editor\" data-id=\"1d2a69e\" data-element_type=\"widget\" data-widget_type=\"text-editor.default\">\n<div class=\"elementor-widget-container\">\n<p>Verkaufssaison: APRIL \u2013 JULI<\/p>\n<\/div>\n<\/div>\n<\/div>\n<\/div>\n<\/div>\n<\/section>\n","protected":false},"excerpt":{"rendered":"<p>Preis pro Wabe<\/p>\n<p>Verkaufssaison: <strong>APRIL \u2013 JULI<\/strong><\/p>\n","protected":false},"featured_media":6362,"comment_status":"open","ping_status":"closed","template":"","meta":{"_acf_changed":false},"product_brand":[],"product_cat":[94],"product_tag":[],"class_list":{"0":"post-6357","1":"product","2":"type-product","3":"status-publish","4":"has-post-thumbnail","6":"product_cat-druzine-na-satju","8":"first","9":"instock","10":"shipping-taxable","11":"purchasable","12":"product-type-variable"},"acf":[],"_links":{"self":[{"href":"https:\/\/queen-carnica.com\/de\/wp-json\/wp\/v2\/product\/6357","targetHints":{"allow":["GET"]}}],"collection":[{"href":"https:\/\/queen-carnica.com\/de\/wp-json\/wp\/v2\/product"}],"about":[{"href":"https:\/\/queen-carnica.com\/de\/wp-json\/wp\/v2\/types\/product"}],"replies":[{"embeddable":true,"href":"https:\/\/queen-carnica.com\/de\/wp-json\/wp\/v2\/comments?post=6357"}],"wp:featuredmedia":[{"embeddable":true,"href":"https:\/\/queen-carnica.com\/de\/wp-json\/wp\/v2\/media\/6362"}],"wp:attachment":[{"href":"https:\/\/queen-carnica.com\/de\/wp-json\/wp\/v2\/media?parent=6357"}],"wp:term":[{"taxonomy":"product_brand","embeddable":true,"href":"https:\/\/queen-carnica.com\/de\/wp-json\/wp\/v2\/product_brand?post=6357"},{"taxonomy":"product_cat","embeddable":true,"href":"https:\/\/queen-carnica.com\/de\/wp-json\/wp\/v2\/product_cat?post=6357"},{"taxonomy":"product_tag","embeddable":true,"href":"https:\/\/queen-carnica.com\/de\/wp-json\/wp\/v2\/product_tag?post=6357"}],"curies":[{"name":"wp","href":"https:\/\/api.w.org\/{rel}","templated":true}]}}