{"id":6349,"date":"2025-11-28T11:19:42","date_gmt":"2025-11-28T11:19:42","guid":{"rendered":"https:\/\/queen-carnica.com\/product\/ometenci\/"},"modified":"2025-12-16T22:51:02","modified_gmt":"2025-12-16T21:51:02","slug":"kunstschwaerme","status":"publish","type":"product","link":"https:\/\/queen-carnica.com\/de\/product\/kunstschwaerme\/","title":{"rendered":"Kunstschw\u00e4rme"},"content":{"rendered":"<div class=\"elementor-element elementor-element-c726f83 elementor-widget elementor-widget-theme-page-title elementor-page-title elementor-widget-heading\" data-id=\"c726f83\" data-element_type=\"widget\" data-widget_type=\"theme-page-title.default\">\n<div class=\"elementor-widget-container\">\n<h1 class=\"elementor-heading-title elementor-size-default\">Kunstschw\u00e4rme<\/h1>\n<\/div>\n<\/div>\n<div class=\"elementor-element elementor-element-e492134 elementor-widget elementor-widget-text-editor\" data-id=\"e492134\" data-element_type=\"widget\" data-widget_type=\"text-editor.default\">\n<div class=\"elementor-widget-container\">\n<p>Kunstschw\u00e4rme mit:<\/p>\n<p><strong>ALTER K\u00d6NIGIN<\/strong><br \/>\n(Vorjahresk\u00f6nigin) und 1,2 kg Bienen im letzten Aprildrittel<br \/>\nOder<\/p>\n<p><strong>JUNGER K\u00d6NIGIN<\/strong><br \/>\n(diesj\u00e4hriger K\u00f6nigin) und 1,2 kg Bienen im ersten Maidrittel<\/p>\n<\/div>\n<\/div>\n<div class=\"elementor-element elementor-element-db179cf elementor-widget elementor-widget-text-editor\" data-id=\"db179cf\" data-element_type=\"widget\" data-widget_type=\"text-editor.default\">\n<div class=\"elementor-widget-container\">\n<h4>SANFTMUT UND NICHTAGGRESSIVIT\u00c4T<\/h4>\n<p>Die Kunstschw\u00e4rme werden in transportf\u00e4hige Kunststoffbeh\u00e4lter (\u201eMultibox\u201c) eingesetzt, inklusive Futter und K\u00f6nigin im Zusetzk\u00e4fig.<\/p>\n<p><i>* Hinweis: Die Multibox ist nicht im Preis enthalten! Die Multiboxen sind vollst\u00e4ndig zerlegbar und k\u00f6nnen nach Gebrauch in einem praktischen Paket an uns zur\u00fcckgeschickt werden. In diesem Fall wird die Kaution erstattet.<\/i><\/p>\n<p>Die Kunstschw\u00e4rme werden bei uns vor Ort abgeholt, wo der Zustand vor der \u00dcbergabe gepr\u00fcft wird \u2013 zur beiderseitigen Zufriedenheit.<\/p>\n<p>Verf\u00fcgbarkeit und Menge:<br \/>\n&#8211; Kunstschw\u00e4rme vom 1. April bis zum 9. Mai<br \/>\n&#8211; Kunstschw\u00e4rme ab dem 10. Mai<br \/>\n&#8211; Ein R\u00e4hmchen LR 1\/1<br \/>\n&#8211; Zehn R\u00e4hmchen LR 1\/1<\/p>\n<\/div>\n<\/div>\n","protected":false},"excerpt":{"rendered":"<p>Die gesamte Aufzucht der Bienenv\u00f6lker erfolgt unter strenger veterin\u00e4rmedizinischer Kontrolle. Zur Varroabek\u00e4mpfung verwenden wir ausschlie\u00dflich naturnahe Mittel \u2013 organische S\u00e4uren.<\/p>\n","protected":false},"featured_media":6350,"comment_status":"open","ping_status":"closed","template":"","meta":{"_acf_changed":false},"product_brand":[],"product_cat":[93],"product_tag":[],"class_list":{"0":"post-6349","1":"product","2":"type-product","3":"status-publish","4":"has-post-thumbnail","6":"product_cat-ometenci","8":"first","9":"instock","10":"shipping-taxable","11":"purchasable","12":"product-type-variable"},"acf":[],"_links":{"self":[{"href":"https:\/\/queen-carnica.com\/de\/wp-json\/wp\/v2\/product\/6349","targetHints":{"allow":["GET"]}}],"collection":[{"href":"https:\/\/queen-carnica.com\/de\/wp-json\/wp\/v2\/product"}],"about":[{"href":"https:\/\/queen-carnica.com\/de\/wp-json\/wp\/v2\/types\/product"}],"replies":[{"embeddable":true,"href":"https:\/\/queen-carnica.com\/de\/wp-json\/wp\/v2\/comments?post=6349"}],"wp:featuredmedia":[{"embeddable":true,"href":"https:\/\/queen-carnica.com\/de\/wp-json\/wp\/v2\/media\/6350"}],"wp:attachment":[{"href":"https:\/\/queen-carnica.com\/de\/wp-json\/wp\/v2\/media?parent=6349"}],"wp:term":[{"taxonomy":"product_brand","embeddable":true,"href":"https:\/\/queen-carnica.com\/de\/wp-json\/wp\/v2\/product_brand?post=6349"},{"taxonomy":"product_cat","embeddable":true,"href":"https:\/\/queen-carnica.com\/de\/wp-json\/wp\/v2\/product_cat?post=6349"},{"taxonomy":"product_tag","embeddable":true,"href":"https:\/\/queen-carnica.com\/de\/wp-json\/wp\/v2\/product_tag?post=6349"}],"curies":[{"name":"wp","href":"https:\/\/api.w.org\/{rel}","templated":true}]}}